{"id":1505,"date":"2026-01-02T16:43:54","date_gmt":"2026-01-02T15:43:54","guid":{"rendered":"https:\/\/samuelpajot.fr\/?page_id=1505"},"modified":"2026-01-04T15:50:27","modified_gmt":"2026-01-04T14:50:27","slug":"blog","status":"publish","type":"page","link":"https:\/\/samuelpajot.fr\/?page_id=1505","title":{"rendered":"Blog"},"content":{"rendered":"\t\t<div data-elementor-type=\"wp-page\" data-elementor-id=\"1505\" class=\"elementor elementor-1505\">\n\t\t\t\t<div class=\"elementor-element elementor-element-e92dcec e-flex e-con-boxed e-con e-parent\" data-id=\"e92dcec\" data-element_type=\"container\" data-e-type=\"container\">\n\t\t\t\t\t<div class=\"e-con-inner\">\n\t\t<div class=\"elementor-element elementor-element-07a3316 e-con-full e-flex e-con e-child\" data-id=\"07a3316\" data-element_type=\"container\" data-e-type=\"container\">\n\t\t\t\t<div class=\"elementor-element elementor-element-c458ced elementor-widget elementor-widget-heading\" data-id=\"c458ced\" data-element_type=\"widget\" data-e-type=\"widget\" data-widget_type=\"heading.default\">\n\t\t\t\t\t<h1 class=\"elementor-heading-title elementor-size-default\">Le Blog<\/h1>\t\t\t\t<\/div>\n\t\t\t\t<div class=\"elementor-element elementor-element-e4cbc00 elementor-widget elementor-widget-image\" data-id=\"e4cbc00\" data-element_type=\"widget\" data-e-type=\"widget\" data-widget_type=\"image.default\">\n\t\t\t\t\t\t\t\t\t\t\t\t\t\t\t<img decoding=\"async\" src=\"https:\/\/samuelpajot.fr\/wp-content\/uploads\/elementor\/thumbs\/blog-main-rggfxevi73ml80nm7sz8p8zg17kbiptr3dtpz80wqs.png\" title=\"blog-main\" alt=\"blog-main\" loading=\"lazy\" \/>\t\t\t\t\t\t\t\t\t\t\t\t\t\t\t<\/div>\n\t\t\t\t<\/div>\n\t\t<div class=\"elementor-element elementor-element-38157f9 e-grid e-con-full e-con e-child\" data-id=\"38157f9\" data-element_type=\"container\" data-e-type=\"container\">\n\t\t\t\t<div class=\"elementor-element elementor-element-41616f5 elementor-align-center elementor-widget elementor-widget-button\" data-id=\"41616f5\" data-element_type=\"widget\" data-e-type=\"widget\" data-widget_type=\"button.default\">\n\t\t\t\t\t\t\t\t\t\t<a class=\"elementor-button elementor-button-link elementor-size-sm\" href=\"#tendances\">\n\t\t\t\t\t\t<span class=\"elementor-button-content-wrapper\">\n\t\t\t\t\t\t\t\t\t<span class=\"elementor-button-text\">Tendances, styles et inspirations<\/span>\n\t\t\t\t\t<\/span>\n\t\t\t\t\t<\/a>\n\t\t\t\t\t\t\t\t<\/div>\n\t\t\t\t<div class=\"elementor-element elementor-element-1f23923 elementor-align-center elementor-widget elementor-widget-button\" data-id=\"1f23923\" data-element_type=\"widget\" data-e-type=\"widget\" data-widget_type=\"button.default\">\n\t\t\t\t\t\t\t\t\t\t<a class=\"elementor-button elementor-button-link elementor-size-sm\" href=\"#amenagement\">\n\t\t\t\t\t\t<span class=\"elementor-button-content-wrapper\">\n\t\t\t\t\t\t\t\t\t<span class=\"elementor-button-text\">Am\u00e9nagement<\/span>\n\t\t\t\t\t<\/span>\n\t\t\t\t\t<\/a>\n\t\t\t\t\t\t\t\t<\/div>\n\t\t\t\t<div class=\"elementor-element elementor-element-06bc223 elementor-align-center elementor-widget elementor-widget-button\" data-id=\"06bc223\" data-element_type=\"widget\" data-e-type=\"widget\" data-widget_type=\"button.default\">\n\t\t\t\t\t\t\t\t\t\t<a class=\"elementor-button elementor-button-link elementor-size-sm\" href=\"#materiaux\">\n\t\t\t\t\t\t<span class=\"elementor-button-content-wrapper\">\n\t\t\t\t\t\t\t\t\t<span class=\"elementor-button-text\">Mat\u00e9riaux et finitions<\/span>\n\t\t\t\t\t<\/span>\n\t\t\t\t\t<\/a>\n\t\t\t\t\t\t\t\t<\/div>\n\t\t\t\t<div class=\"elementor-element elementor-element-8937960 elementor-align-center elementor-widget elementor-widget-button\" data-id=\"8937960\" data-element_type=\"widget\" data-e-type=\"widget\" data-widget_type=\"button.default\">\n\t\t\t\t\t\t\t\t\t\t<a class=\"elementor-button elementor-button-link elementor-size-sm\" href=\"#viepratique\">\n\t\t\t\t\t\t<span class=\"elementor-button-content-wrapper\">\n\t\t\t\t\t\t\t\t\t<span class=\"elementor-button-text\">Vie pratique et organisation<\/span>\n\t\t\t\t\t<\/span>\n\t\t\t\t\t<\/a>\n\t\t\t\t\t\t\t\t<\/div>\n\t\t\t\t<\/div>\n\t\t<div class=\"elementor-element elementor-element-b377f51 e-con-full e-flex e-con e-child\" data-id=\"b377f51\" data-element_type=\"container\" data-e-type=\"container\">\n\t\t\t\t<div class=\"elementor-element elementor-element-1612038 elementor-widget elementor-widget-heading\" data-id=\"1612038\" data-element_type=\"widget\" data-e-type=\"widget\" data-widget_type=\"heading.default\">\n\t\t\t\t\t<h2 class=\"elementor-heading-title elementor-size-default\">Article recommand\u00e9<\/h2>\t\t\t\t<\/div>\n\t\t<div class=\"elementor-element elementor-element-455b565 e-con-full e-grid e-con e-child\" data-id=\"455b565\" data-element_type=\"container\" data-e-type=\"container\">\n\t\t\t\t<div class=\"elementor-element elementor-element-f963b94 elementor-widget elementor-widget-image\" data-id=\"f963b94\" data-element_type=\"widget\" data-e-type=\"widget\" data-widget_type=\"image.default\">\n\t\t\t\t\t\t\t\t\t\t\t\t\t\t\t<img fetchpriority=\"high\" decoding=\"async\" width=\"1920\" height=\"1080\" src=\"https:\/\/samuelpajot.fr\/wp-content\/uploads\/2026\/01\/Tendances-2026.png\" class=\"attachment-full size-full wp-image-1602\" alt=\"\" srcset=\"https:\/\/samuelpajot.fr\/wp-content\/uploads\/2026\/01\/Tendances-2026.png 1920w, https:\/\/samuelpajot.fr\/wp-content\/uploads\/2026\/01\/Tendances-2026-300x169.png 300w, https:\/\/samuelpajot.fr\/wp-content\/uploads\/2026\/01\/Tendances-2026-1024x576.png 1024w, https:\/\/samuelpajot.fr\/wp-content\/uploads\/2026\/01\/Tendances-2026-768x432.png 768w, https:\/\/samuelpajot.fr\/wp-content\/uploads\/2026\/01\/Tendances-2026-1536x864.png 1536w\" sizes=\"(max-width: 1920px) 100vw, 1920px\" \/>\t\t\t\t\t\t\t\t\t\t\t\t\t\t\t<\/div>\n\t\t<div class=\"elementor-element elementor-element-b8e6228 e-con-full e-flex e-con e-child\" data-id=\"b8e6228\" data-element_type=\"container\" data-e-type=\"container\">\n\t\t\t\t<div class=\"elementor-element elementor-element-f5e9d08 elementor-widget elementor-widget-heading\" data-id=\"f5e9d08\" data-element_type=\"widget\" data-e-type=\"widget\" data-widget_type=\"heading.default\">\n\t\t\t\t\t<h5 class=\"elementor-heading-title elementor-size-default\">Tendances, Styles et Inspirations\n<\/h5>\t\t\t\t<\/div>\n\t\t\t\t<div class=\"elementor-element elementor-element-86b6ee8 elementor-widget elementor-widget-heading\" data-id=\"86b6ee8\" data-element_type=\"widget\" data-e-type=\"widget\" data-widget_type=\"heading.default\">\n\t\t\t\t\t<h2 class=\"elementor-heading-title elementor-size-default\">Les tendances \nde l'ann\u00e9e 2026<\/h2>\t\t\t\t<\/div>\n\t\t\t\t<div class=\"elementor-element elementor-element-f2e4131 elementor-widget elementor-widget-text-editor\" data-id=\"f2e4131\" data-element_type=\"widget\" data-e-type=\"widget\" data-widget_type=\"text-editor.default\">\n\t\t\t\t\t\t\t\t\t<p>En 2026, la d\u00e9coration int\u00e9rieure \u00e9volue vers des espaces plus chaleureux et naturels. Loin des int\u00e9rieurs froids et standardis\u00e9s &#8230;<\/p>\t\t\t\t\t\t\t\t<\/div>\n\t\t\t\t<div class=\"elementor-element elementor-element-9b3415d elementor-widget elementor-widget-button\" data-id=\"9b3415d\" data-element_type=\"widget\" data-e-type=\"widget\" data-widget_type=\"button.default\">\n\t\t\t\t\t\t\t\t\t\t<a class=\"elementor-button elementor-button-link elementor-size-sm\" href=\"https:\/\/samuelpajot.fr\/?page_id=1583\">\n\t\t\t\t\t\t<span class=\"elementor-button-content-wrapper\">\n\t\t\t\t\t\t<span class=\"elementor-button-icon\">\n\t\t\t\t<svg aria-hidden=\"true\" class=\"e-font-icon-svg e-far-arrow-alt-circle-right\" viewBox=\"0 0 512 512\" xmlns=\"http:\/\/www.w3.org\/2000\/svg\"><path d=\"M504 256C504 119 393 8 256 8S8 119 8 256s111 248 248 248 248-111 248-248zm-448 0c0-110.5 89.5-200 200-200s200 89.5 200 200-89.5 200-200 200S56 366.5 56 256zm72 20v-40c0-6.6 5.4-12 12-12h116v-67c0-10.7 12.9-16 20.5-8.5l99 99c4.7 4.7 4.7 12.3 0 17l-99 99c-7.6 7.6-20.5 2.2-20.5-8.5v-67H140c-6.6 0-12-5.4-12-12z\"><\/path><\/svg>\t\t\t<\/span>\n\t\t\t\t\t\t\t\t\t<span class=\"elementor-button-text\">Lire cet article<\/span>\n\t\t\t\t\t<\/span>\n\t\t\t\t\t<\/a>\n\t\t\t\t\t\t\t\t<\/div>\n\t\t\t\t<\/div>\n\t\t\t\t<\/div>\n\t\t\t\t<\/div>\n\t\t\t\t<div class=\"elementor-element elementor-element-49b5c33 elementor-widget-divider--view-line elementor-widget elementor-widget-divider\" data-id=\"49b5c33\" data-element_type=\"widget\" data-e-type=\"widget\" id=\"tendances\" data-widget_type=\"divider.default\">\n\t\t\t\t\t\t\t<div class=\"elementor-divider\">\n\t\t\t<span class=\"elementor-divider-separator\">\n\t\t\t\t\t\t<\/span>\n\t\t<\/div>\n\t\t\t\t\t\t<\/div>\n\t\t<div class=\"elementor-element elementor-element-bf710de e-con-full e-flex e-con e-child\" data-id=\"bf710de\" data-element_type=\"container\" data-e-type=\"container\">\n\t\t\t\t<div class=\"elementor-element elementor-element-69b9155 elementor-widget elementor-widget-heading\" data-id=\"69b9155\" data-element_type=\"widget\" data-e-type=\"widget\" data-widget_type=\"heading.default\">\n\t\t\t\t\t<h2 class=\"elementor-heading-title elementor-size-default\">Tendances, Styles et Inspirations<\/h2>\t\t\t\t<\/div>\n\t\t<div class=\"elementor-element elementor-element-418b677 e-con-full e-grid e-con e-child\" data-id=\"418b677\" data-element_type=\"container\" data-e-type=\"container\">\n\t\t<div class=\"elementor-element elementor-element-a6603f9 e-con-full e-flex e-con e-child\" data-id=\"a6603f9\" data-element_type=\"container\" data-e-type=\"container\">\n\t\t\t\t<div class=\"elementor-element elementor-element-7f69132 elementor-widget elementor-widget-image\" data-id=\"7f69132\" data-element_type=\"widget\" data-e-type=\"widget\" data-widget_type=\"image.default\">\n\t\t\t\t\t\t\t\t\t\t\t\t\t\t\t<img fetchpriority=\"high\" decoding=\"async\" width=\"1920\" height=\"1080\" src=\"https:\/\/samuelpajot.fr\/wp-content\/uploads\/2026\/01\/Tendances-2026.png\" class=\"attachment-full size-full wp-image-1602\" alt=\"\" srcset=\"https:\/\/samuelpajot.fr\/wp-content\/uploads\/2026\/01\/Tendances-2026.png 1920w, https:\/\/samuelpajot.fr\/wp-content\/uploads\/2026\/01\/Tendances-2026-300x169.png 300w, https:\/\/samuelpajot.fr\/wp-content\/uploads\/2026\/01\/Tendances-2026-1024x576.png 1024w, https:\/\/samuelpajot.fr\/wp-content\/uploads\/2026\/01\/Tendances-2026-768x432.png 768w, https:\/\/samuelpajot.fr\/wp-content\/uploads\/2026\/01\/Tendances-2026-1536x864.png 1536w\" sizes=\"(max-width: 1920px) 100vw, 1920px\" \/>\t\t\t\t\t\t\t\t\t\t\t\t\t\t\t<\/div>\n\t\t\t\t<div class=\"elementor-element elementor-element-1c8c7c7 elementor-widget elementor-widget-heading\" data-id=\"1c8c7c7\" data-element_type=\"widget\" data-e-type=\"widget\" data-widget_type=\"heading.default\">\n\t\t\t\t\t<h3 class=\"elementor-heading-title elementor-size-default\">Les tendances \nde l'ann\u00e9e 2026<\/h3>\t\t\t\t<\/div>\n\t\t\t\t<div class=\"elementor-element elementor-element-260a8f6 elementor-widget elementor-widget-text-editor\" data-id=\"260a8f6\" data-element_type=\"widget\" data-e-type=\"widget\" data-widget_type=\"text-editor.default\">\n\t\t\t\t\t\t\t\t\t<p>En 2026, la d\u00e9coration int\u00e9rieure \u00e9volue vers des espaces plus chaleureux et naturels. Loin des int\u00e9rieurs froids et standardis\u00e9s &#8230;<\/p>\t\t\t\t\t\t\t\t<\/div>\n\t\t\t\t<div class=\"elementor-element elementor-element-c869610 elementor-widget elementor-widget-button\" data-id=\"c869610\" data-element_type=\"widget\" data-e-type=\"widget\" data-widget_type=\"button.default\">\n\t\t\t\t\t\t\t\t\t\t<a class=\"elementor-button elementor-button-link elementor-size-sm\" href=\"https:\/\/samuelpajot.fr\/?page_id=1583\">\n\t\t\t\t\t\t<span class=\"elementor-button-content-wrapper\">\n\t\t\t\t\t\t<span class=\"elementor-button-icon\">\n\t\t\t\t<svg aria-hidden=\"true\" class=\"e-font-icon-svg e-far-arrow-alt-circle-right\" viewBox=\"0 0 512 512\" xmlns=\"http:\/\/www.w3.org\/2000\/svg\"><path d=\"M504 256C504 119 393 8 256 8S8 119 8 256s111 248 248 248 248-111 248-248zm-448 0c0-110.5 89.5-200 200-200s200 89.5 200 200-89.5 200-200 200S56 366.5 56 256zm72 20v-40c0-6.6 5.4-12 12-12h116v-67c0-10.7 12.9-16 20.5-8.5l99 99c4.7 4.7 4.7 12.3 0 17l-99 99c-7.6 7.6-20.5 2.2-20.5-8.5v-67H140c-6.6 0-12-5.4-12-12z\"><\/path><\/svg>\t\t\t<\/span>\n\t\t\t\t\t\t\t\t\t<span class=\"elementor-button-text\">Lire l'article<\/span>\n\t\t\t\t\t<\/span>\n\t\t\t\t\t<\/a>\n\t\t\t\t\t\t\t\t<\/div>\n\t\t\t\t<\/div>\n\t\t\t\t<\/div>\n\t\t\t\t<\/div>\n\t\t\t\t<div class=\"elementor-element elementor-element-a97d269 elementor-widget-divider--view-line elementor-widget elementor-widget-divider\" data-id=\"a97d269\" data-element_type=\"widget\" data-e-type=\"widget\" id=\"amenagement\" data-widget_type=\"divider.default\">\n\t\t\t\t\t\t\t<div class=\"elementor-divider\">\n\t\t\t<span class=\"elementor-divider-separator\">\n\t\t\t\t\t\t<\/span>\n\t\t<\/div>\n\t\t\t\t\t\t<\/div>\n\t\t<div class=\"elementor-element elementor-element-5398357 e-con-full e-flex e-con e-child\" data-id=\"5398357\" data-element_type=\"container\" data-e-type=\"container\">\n\t\t\t\t<div class=\"elementor-element elementor-element-60ecb1f elementor-widget elementor-widget-heading\" data-id=\"60ecb1f\" data-element_type=\"widget\" data-e-type=\"widget\" data-widget_type=\"heading.default\">\n\t\t\t\t\t<h2 class=\"elementor-heading-title elementor-size-default\">Am\u00e9nagement<\/h2>\t\t\t\t<\/div>\n\t\t<div class=\"elementor-element elementor-element-2ccea2c e-con-full e-grid e-con e-child\" data-id=\"2ccea2c\" data-element_type=\"container\" data-e-type=\"container\">\n\t\t<div class=\"elementor-element elementor-element-37dd264 e-con-full e-flex e-con e-child\" data-id=\"37dd264\" data-element_type=\"container\" data-e-type=\"container\">\n\t\t\t\t<div class=\"elementor-element elementor-element-a05bb57 elementor-widget elementor-widget-image\" data-id=\"a05bb57\" data-element_type=\"widget\" data-e-type=\"widget\" data-widget_type=\"image.default\">\n\t\t\t\t\t\t\t\t\t\t\t\t\t\t\t<img decoding=\"async\" width=\"1920\" height=\"1080\" src=\"https:\/\/samuelpajot.fr\/wp-content\/uploads\/2026\/01\/Article-biento\u0302t-disponible.png\" class=\"attachment-full size-full wp-image-1659\" alt=\"\" srcset=\"https:\/\/samuelpajot.fr\/wp-content\/uploads\/2026\/01\/Article-biento\u0302t-disponible.png 1920w, https:\/\/samuelpajot.fr\/wp-content\/uploads\/2026\/01\/Article-biento\u0302t-disponible-300x169.png 300w, https:\/\/samuelpajot.fr\/wp-content\/uploads\/2026\/01\/Article-biento\u0302t-disponible-1024x576.png 1024w, https:\/\/samuelpajot.fr\/wp-content\/uploads\/2026\/01\/Article-biento\u0302t-disponible-768x432.png 768w, https:\/\/samuelpajot.fr\/wp-content\/uploads\/2026\/01\/Article-biento\u0302t-disponible-1536x864.png 1536w\" sizes=\"(max-width: 1920px) 100vw, 1920px\" \/>\t\t\t\t\t\t\t\t\t\t\t\t\t\t\t<\/div>\n\t\t\t\t<div class=\"elementor-element elementor-element-a3d7bc6 elementor-widget elementor-widget-heading\" data-id=\"a3d7bc6\" data-element_type=\"widget\" data-e-type=\"widget\" data-widget_type=\"heading.default\">\n\t\t\t\t\t<h3 class=\"elementor-heading-title elementor-size-default\">Article bient\u00f4t disponible<\/h3>\t\t\t\t<\/div>\n\t\t\t\t<div class=\"elementor-element elementor-element-c27a9b8 elementor-widget elementor-widget-text-editor\" data-id=\"c27a9b8\" data-element_type=\"widget\" data-e-type=\"widget\" data-widget_type=\"text-editor.default\">\n\t\t\t\t\t\t\t\t\t<p>N&rsquo;h\u00e9sitez pas \u00e0 lire d&rsquo;autres articles d\u00e9j\u00e0 publi\u00e9s.<\/p>\t\t\t\t\t\t\t\t<\/div>\n\t\t\t\t<\/div>\n\t\t\t\t<\/div>\n\t\t\t\t<\/div>\n\t\t\t\t<div class=\"elementor-element elementor-element-4eb6f32 elementor-widget-divider--view-line elementor-widget elementor-widget-divider\" data-id=\"4eb6f32\" data-element_type=\"widget\" data-e-type=\"widget\" id=\"materiaux\" data-widget_type=\"divider.default\">\n\t\t\t\t\t\t\t<div class=\"elementor-divider\">\n\t\t\t<span class=\"elementor-divider-separator\">\n\t\t\t\t\t\t<\/span>\n\t\t<\/div>\n\t\t\t\t\t\t<\/div>\n\t\t<div class=\"elementor-element elementor-element-2b2b4eb e-con-full e-flex e-con e-child\" data-id=\"2b2b4eb\" data-element_type=\"container\" data-e-type=\"container\">\n\t\t\t\t<div class=\"elementor-element elementor-element-092d6f1 elementor-widget elementor-widget-heading\" data-id=\"092d6f1\" data-element_type=\"widget\" data-e-type=\"widget\" data-widget_type=\"heading.default\">\n\t\t\t\t\t<h2 class=\"elementor-heading-title elementor-size-default\">Mat\u00e9riaux et finitions<\/h2>\t\t\t\t<\/div>\n\t\t<div class=\"elementor-element elementor-element-c3cc81c e-con-full e-grid e-con e-child\" data-id=\"c3cc81c\" data-element_type=\"container\" data-e-type=\"container\">\n\t\t<div class=\"elementor-element elementor-element-0007d99 e-con-full e-flex e-con e-child\" data-id=\"0007d99\" data-element_type=\"container\" data-e-type=\"container\">\n\t\t\t\t<div class=\"elementor-element elementor-element-4cd90d1 elementor-widget elementor-widget-image\" data-id=\"4cd90d1\" data-element_type=\"widget\" data-e-type=\"widget\" data-widget_type=\"image.default\">\n\t\t\t\t\t\t\t\t\t\t\t\t\t\t\t<img decoding=\"async\" width=\"1920\" height=\"1080\" src=\"https:\/\/samuelpajot.fr\/wp-content\/uploads\/2026\/01\/Article-biento\u0302t-disponible.png\" class=\"attachment-full size-full wp-image-1659\" alt=\"\" srcset=\"https:\/\/samuelpajot.fr\/wp-content\/uploads\/2026\/01\/Article-biento\u0302t-disponible.png 1920w, https:\/\/samuelpajot.fr\/wp-content\/uploads\/2026\/01\/Article-biento\u0302t-disponible-300x169.png 300w, https:\/\/samuelpajot.fr\/wp-content\/uploads\/2026\/01\/Article-biento\u0302t-disponible-1024x576.png 1024w, https:\/\/samuelpajot.fr\/wp-content\/uploads\/2026\/01\/Article-biento\u0302t-disponible-768x432.png 768w, https:\/\/samuelpajot.fr\/wp-content\/uploads\/2026\/01\/Article-biento\u0302t-disponible-1536x864.png 1536w\" sizes=\"(max-width: 1920px) 100vw, 1920px\" \/>\t\t\t\t\t\t\t\t\t\t\t\t\t\t\t<\/div>\n\t\t\t\t<div class=\"elementor-element elementor-element-a78945b elementor-widget elementor-widget-heading\" data-id=\"a78945b\" data-element_type=\"widget\" data-e-type=\"widget\" data-widget_type=\"heading.default\">\n\t\t\t\t\t<h3 class=\"elementor-heading-title elementor-size-default\">Article bient\u00f4t disponible<\/h3>\t\t\t\t<\/div>\n\t\t\t\t<div class=\"elementor-element elementor-element-4eeb82f elementor-widget elementor-widget-text-editor\" data-id=\"4eeb82f\" data-element_type=\"widget\" data-e-type=\"widget\" data-widget_type=\"text-editor.default\">\n\t\t\t\t\t\t\t\t\t<p>N&rsquo;h\u00e9sitez pas \u00e0 lire d&rsquo;autres articles d\u00e9j\u00e0 publi\u00e9s.<\/p>\t\t\t\t\t\t\t\t<\/div>\n\t\t\t\t<\/div>\n\t\t\t\t<\/div>\n\t\t\t\t<\/div>\n\t\t\t\t<div class=\"elementor-element elementor-element-cae563b elementor-widget-divider--view-line elementor-widget elementor-widget-divider\" data-id=\"cae563b\" data-element_type=\"widget\" data-e-type=\"widget\" id=\"viepratique\" data-widget_type=\"divider.default\">\n\t\t\t\t\t\t\t<div class=\"elementor-divider\">\n\t\t\t<span class=\"elementor-divider-separator\">\n\t\t\t\t\t\t<\/span>\n\t\t<\/div>\n\t\t\t\t\t\t<\/div>\n\t\t<div class=\"elementor-element elementor-element-53ba93b e-con-full e-flex e-con e-child\" data-id=\"53ba93b\" data-element_type=\"container\" data-e-type=\"container\">\n\t\t\t\t<div class=\"elementor-element elementor-element-7fab619 elementor-widget elementor-widget-heading\" data-id=\"7fab619\" data-element_type=\"widget\" data-e-type=\"widget\" data-widget_type=\"heading.default\">\n\t\t\t\t\t<h2 class=\"elementor-heading-title elementor-size-default\">Vie Pratique et organisation<\/h2>\t\t\t\t<\/div>\n\t\t<div class=\"elementor-element elementor-element-83109f5 e-con-full e-grid e-con e-child\" data-id=\"83109f5\" data-element_type=\"container\" data-e-type=\"container\">\n\t\t<div class=\"elementor-element elementor-element-96829ed e-con-full e-flex e-con e-child\" data-id=\"96829ed\" data-element_type=\"container\" data-e-type=\"container\">\n\t\t\t\t<div class=\"elementor-element elementor-element-1641640 elementor-widget elementor-widget-image\" data-id=\"1641640\" data-element_type=\"widget\" data-e-type=\"widget\" data-widget_type=\"image.default\">\n\t\t\t\t\t\t\t\t\t\t\t\t\t\t\t<img decoding=\"async\" width=\"1920\" height=\"1080\" src=\"https:\/\/samuelpajot.fr\/wp-content\/uploads\/2026\/01\/Article-biento\u0302t-disponible.png\" class=\"attachment-full size-full wp-image-1659\" alt=\"\" srcset=\"https:\/\/samuelpajot.fr\/wp-content\/uploads\/2026\/01\/Article-biento\u0302t-disponible.png 1920w, https:\/\/samuelpajot.fr\/wp-content\/uploads\/2026\/01\/Article-biento\u0302t-disponible-300x169.png 300w, https:\/\/samuelpajot.fr\/wp-content\/uploads\/2026\/01\/Article-biento\u0302t-disponible-1024x576.png 1024w, https:\/\/samuelpajot.fr\/wp-content\/uploads\/2026\/01\/Article-biento\u0302t-disponible-768x432.png 768w, https:\/\/samuelpajot.fr\/wp-content\/uploads\/2026\/01\/Article-biento\u0302t-disponible-1536x864.png 1536w\" sizes=\"(max-width: 1920px) 100vw, 1920px\" \/>\t\t\t\t\t\t\t\t\t\t\t\t\t\t\t<\/div>\n\t\t\t\t<div class=\"elementor-element elementor-element-eec50ad elementor-widget elementor-widget-heading\" data-id=\"eec50ad\" data-element_type=\"widget\" data-e-type=\"widget\" data-widget_type=\"heading.default\">\n\t\t\t\t\t<h3 class=\"elementor-heading-title elementor-size-default\">Article bient\u00f4t disponible<\/h3>\t\t\t\t<\/div>\n\t\t\t\t<div class=\"elementor-element elementor-element-c34b447 elementor-widget elementor-widget-text-editor\" data-id=\"c34b447\" data-element_type=\"widget\" data-e-type=\"widget\" data-widget_type=\"text-editor.default\">\n\t\t\t\t\t\t\t\t\t<p>N&rsquo;h\u00e9sitez pas \u00e0 lire d&rsquo;autres articles d\u00e9j\u00e0 publi\u00e9s.<\/p>\t\t\t\t\t\t\t\t<\/div>\n\t\t\t\t<\/div>\n\t\t\t\t<\/div>\n\t\t\t\t<\/div>\n\t\t\t\t\t<\/div>\n\t\t\t\t<\/div>\n\t\t\t\t<\/div>\n\t\t","protected":false},"excerpt":{"rendered":"<p>Le Blog Tendances, styles et inspirations Am\u00e9nagement Mat\u00e9riaux et finitions Vie pratique et organisation Article recommand\u00e9 Tendances, Styles et Inspirations Les tendances de l&rsquo;ann\u00e9e 2026 En 2026, la d\u00e9coration int\u00e9rieure \u00e9volue vers des espaces plus chaleureux et naturels. Loin des int\u00e9rieurs froids et standardis\u00e9s &#8230; Lire cet article Tendances, Styles et Inspirations Les tendances de [&hellip;]<\/p>\n","protected":false},"author":1,"featured_media":0,"parent":0,"menu_order":0,"comment_status":"closed","ping_status":"closed","template":"","meta":{"site-sidebar-layout":"no-sidebar","site-content-layout":"page-builder","ast-site-content-layout":"full-width-container","site-content-style":"default","site-sidebar-style":"default","ast-global-header-display":"","ast-banner-title-visibility":"","ast-main-header-display":"","ast-hfb-above-header-display":"","ast-hfb-below-header-display":"","ast-hfb-mobile-header-display":"","site-post-title":"disabled","ast-breadcrumbs-content":"","ast-featured-img":"disabled","footer-sml-layout":"","ast-disable-related-posts":"","theme-transparent-header-meta":"","adv-header-id-meta":"","stick-header-meta":"","header-above-stick-meta":"","header-main-stick-meta":"","header-below-stick-meta":"","astra-migrate-meta-layouts":"set","ast-page-background-enabled":"default","ast-page-background-meta":{"desktop":{"background-color":"","background-image":"","background-repeat":"repeat","background-position":"center center","background-size":"auto","background-attachment":"scroll","background-type":"","background-media":"","overlay-type":"","overlay-color":"","overlay-opacity":"","overlay-gradient":""},"tablet":{"background-color":"","background-image":"","background-repeat":"repeat","background-position":"center center","background-size":"auto","background-attachment":"scroll","background-type":"","background-media":"","overlay-type":"","overlay-color":"","overlay-opacity":"","overlay-gradient":""},"mobile":{"background-color":"","background-image":"","background-repeat":"repeat","background-position":"center center","background-size":"auto","background-attachment":"scroll","background-type":"","background-media":"","overlay-type":"","overlay-color":"","overlay-opacity":"","overlay-gradient":""}},"ast-content-background-meta":{"desktop":{"background-color":"var(--ast-global-color-5)","background-image":"","background-repeat":"repeat","background-position":"center center","background-size":"auto","background-attachment":"scroll","background-type":"","background-media":"","overlay-type":"","overlay-color":"","overlay-opacity":"","overlay-gradient":""},"tablet":{"background-color":"var(--ast-global-color-5)","background-image":"","background-repeat":"repeat","background-position":"center center","background-size":"auto","background-attachment":"scroll","background-type":"","background-media":"","overlay-type":"","overlay-color":"","overlay-opacity":"","overlay-gradient":""},"mobile":{"background-color":"var(--ast-global-color-5)","background-image":"","background-repeat":"repeat","background-position":"center center","background-size":"auto","background-attachment":"scroll","background-type":"","background-media":"","overlay-type":"","overlay-color":"","overlay-opacity":"","overlay-gradient":""}},"footnotes":""},"class_list":["post-1505","page","type-page","status-publish","hentry"],"_links":{"self":[{"href":"https:\/\/samuelpajot.fr\/index.php?rest_route=\/wp\/v2\/pages\/1505","targetHints":{"allow":["GET"]}}],"collection":[{"href":"https:\/\/samuelpajot.fr\/index.php?rest_route=\/wp\/v2\/pages"}],"about":[{"href":"https:\/\/samuelpajot.fr\/index.php?rest_route=\/wp\/v2\/types\/page"}],"author":[{"embeddable":true,"href":"https:\/\/samuelpajot.fr\/index.php?rest_route=\/wp\/v2\/users\/1"}],"replies":[{"embeddable":true,"href":"https:\/\/samuelpajot.fr\/index.php?rest_route=%2Fwp%2Fv2%2Fcomments&post=1505"}],"version-history":[{"count":88,"href":"https:\/\/samuelpajot.fr\/index.php?rest_route=\/wp\/v2\/pages\/1505\/revisions"}],"predecessor-version":[{"id":1730,"href":"https:\/\/samuelpajot.fr\/index.php?rest_route=\/wp\/v2\/pages\/1505\/revisions\/1730"}],"wp:attachment":[{"href":"https:\/\/samuelpajot.fr\/index.php?rest_route=%2Fwp%2Fv2%2Fmedia&parent=1505"}],"curies":[{"name":"wp","href":"https:\/\/api.w.org\/{rel}","templated":true}]}}