{"id":1583,"date":"2026-01-02T16:40:20","date_gmt":"2026-01-02T15:40:20","guid":{"rendered":"https:\/\/samuelpajot.fr\/?page_id=1583"},"modified":"2026-01-04T15:48:02","modified_gmt":"2026-01-04T14:48:02","slug":"blog-les-tendances-de-lannee-2026","status":"publish","type":"page","link":"https:\/\/samuelpajot.fr\/?page_id=1583","title":{"rendered":"BLOG &#8211; Les tendances de l&rsquo;ann\u00e9e 2026"},"content":{"rendered":"\t\t<div data-elementor-type=\"wp-page\" data-elementor-id=\"1583\" class=\"elementor elementor-1583\">\n\t\t\t\t<div class=\"elementor-element elementor-element-e92dcec e-flex e-con-boxed e-con e-parent\" data-id=\"e92dcec\" data-element_type=\"container\" data-e-type=\"container\" data-settings=\"{&quot;background_background&quot;:&quot;classic&quot;}\">\n\t\t\t\t\t<div class=\"e-con-inner\">\n\t\t<div class=\"elementor-element elementor-element-b377f51 e-con-full e-flex e-con e-child\" data-id=\"b377f51\" data-element_type=\"container\" data-e-type=\"container\">\n\t\t<div class=\"elementor-element elementor-element-455b565 e-con-full e-grid e-con e-child\" data-id=\"455b565\" data-element_type=\"container\" data-e-type=\"container\">\n\t\t\t\t<div class=\"elementor-element elementor-element-f963b94 elementor-widget elementor-widget-image\" data-id=\"f963b94\" data-element_type=\"widget\" data-e-type=\"widget\" data-widget_type=\"image.default\">\n\t\t\t\t\t\t\t\t\t\t\t\t\t\t\t<img fetchpriority=\"high\" decoding=\"async\" width=\"1920\" height=\"1080\" src=\"https:\/\/samuelpajot.fr\/wp-content\/uploads\/2026\/01\/Tendances-2026.png\" class=\"attachment-full size-full wp-image-1602\" alt=\"\" srcset=\"https:\/\/samuelpajot.fr\/wp-content\/uploads\/2026\/01\/Tendances-2026.png 1920w, https:\/\/samuelpajot.fr\/wp-content\/uploads\/2026\/01\/Tendances-2026-300x169.png 300w, https:\/\/samuelpajot.fr\/wp-content\/uploads\/2026\/01\/Tendances-2026-1024x576.png 1024w, https:\/\/samuelpajot.fr\/wp-content\/uploads\/2026\/01\/Tendances-2026-768x432.png 768w, https:\/\/samuelpajot.fr\/wp-content\/uploads\/2026\/01\/Tendances-2026-1536x864.png 1536w\" sizes=\"(max-width: 1920px) 100vw, 1920px\" \/>\t\t\t\t\t\t\t\t\t\t\t\t\t\t\t<\/div>\n\t\t<div class=\"elementor-element elementor-element-b8e6228 e-con-full e-flex e-con e-child\" data-id=\"b8e6228\" data-element_type=\"container\" data-e-type=\"container\">\n\t\t\t\t<div class=\"elementor-element elementor-element-86b6ee8 elementor-widget elementor-widget-heading\" data-id=\"86b6ee8\" data-element_type=\"widget\" data-e-type=\"widget\" data-widget_type=\"heading.default\">\n\t\t\t\t\t<h2 class=\"elementor-heading-title elementor-size-default\">Les tendances<br>de l'ann\u00e9e 2026<\/h2>\t\t\t\t<\/div>\n\t\t\t\t<div class=\"elementor-element elementor-element-f5e9d08 elementor-widget elementor-widget-heading\" data-id=\"f5e9d08\" data-element_type=\"widget\" data-e-type=\"widget\" data-widget_type=\"heading.default\">\n\t\t\t\t\t<h5 class=\"elementor-heading-title elementor-size-default\">Tendances, Styles et Inspirations<\/h5>\t\t\t\t<\/div>\n\t\t\t\t<div class=\"elementor-element elementor-element-f2e4131 elementor-widget elementor-widget-text-editor\" data-id=\"f2e4131\" data-element_type=\"widget\" data-e-type=\"widget\" data-widget_type=\"text-editor.default\">\n\t\t\t\t\t\t\t\t\t<p><strong>Auteur<\/strong>: Samuel Pajot<\/p><p><strong>Date<\/strong>: 02\/01\/2026<\/p><p><strong>Temps de lecture<\/strong>: 2 min<\/p>\t\t\t\t\t\t\t\t<\/div>\n\t\t\t\t<\/div>\n\t\t\t\t<\/div>\n\t\t\t\t<\/div>\n\t\t<div class=\"elementor-element elementor-element-75eacbd e-con-full e-flex e-con e-child\" data-id=\"75eacbd\" data-element_type=\"container\" data-e-type=\"container\">\n\t\t\t\t<div class=\"elementor-element elementor-element-80404cf elementor-widget elementor-widget-text-editor\" data-id=\"80404cf\" data-element_type=\"widget\" data-e-type=\"widget\" data-widget_type=\"text-editor.default\">\n\t\t\t\t\t\t\t\t\t<p>En 2026, la d\u00e9coration int\u00e9rieure \u00e9volue vers des espaces plus chaleureux et naturels. Loin des int\u00e9rieurs froids et standardis\u00e9s, les tendances mettent en avant la connexion \u00e0 la nature et le bien-\u00eatre. Couleurs enveloppantes, mat\u00e9riaux authentiques et formes douces red\u00e9finissent nos int\u00e9rieurs pour en faire de v\u00e9ritables refuges.<\/p>\t\t\t\t\t\t\t\t<\/div>\n\t\t\t\t<\/div>\n\t\t<div class=\"elementor-element elementor-element-d5d0d8b e-con-full e-grid e-con e-child\" data-id=\"d5d0d8b\" data-element_type=\"container\" data-e-type=\"container\">\n\t\t<div class=\"elementor-element elementor-element-d7eec9e e-con-full e-flex e-con e-child\" data-id=\"d7eec9e\" data-element_type=\"container\" data-e-type=\"container\">\n\t\t\t\t<div class=\"elementor-element elementor-element-ea18a12 elementor-widget elementor-widget-heading\" data-id=\"ea18a12\" data-element_type=\"widget\" data-e-type=\"widget\" data-widget_type=\"heading.default\">\n\t\t\t\t\t<h3 class=\"elementor-heading-title elementor-size-default\">Les couleurs : chaleur, profondeur et apaisement<\/h3>\t\t\t\t<\/div>\n\t\t\t\t<div class=\"elementor-element elementor-element-f1a06b9 elementor-widget elementor-widget-text-editor\" data-id=\"f1a06b9\" data-element_type=\"widget\" data-e-type=\"widget\" data-widget_type=\"text-editor.default\">\n\t\t\t\t\t\t\t\t\t<p>La palette de 2026 s\u2019inspire largement de la nature. Les teintes terreuses comme le terracotta ou le brun cacaot\u00e9 remplacent les gris froids. Elles sont compl\u00e9t\u00e9es par des accents profonds de prune ou vert tropical qui apportent caract\u00e8re et \u00e9l\u00e9gance. Les neutres restent pr\u00e9sents mais sont r\u00e9invent\u00e9s, comme le beige chaud qui sert de base \u00e0 des int\u00e9rieurs riches et \u00e9quilibr\u00e9s. Pour finir, entre les deux extr\u00eames, les pastels tiennent leur r\u00f4le de m\u00e9diateurs : rose poudr\u00e9, bleu l\u00e9ger\u2026 Ces couleurs douces mais affirm\u00e9es instaurent un climat cosy et feutr\u00e9, id\u00e9al pour cr\u00e9er des cocons sensoriels.<\/p>\t\t\t\t\t\t\t\t<\/div>\n\t\t\t\t<\/div>\n\t\t\t\t<div class=\"elementor-element elementor-element-c38b6c4 elementor-widget elementor-widget-image\" data-id=\"c38b6c4\" data-element_type=\"widget\" data-e-type=\"widget\" data-widget_type=\"image.default\">\n\t\t\t\t\t\t\t\t\t\t\t\t\t\t\t<img decoding=\"async\" width=\"1920\" height=\"1080\" src=\"https:\/\/samuelpajot.fr\/wp-content\/uploads\/2026\/01\/Couleurs-2026.png\" class=\"attachment-full size-full wp-image-1593\" alt=\"\" srcset=\"https:\/\/samuelpajot.fr\/wp-content\/uploads\/2026\/01\/Couleurs-2026.png 1920w, https:\/\/samuelpajot.fr\/wp-content\/uploads\/2026\/01\/Couleurs-2026-300x169.png 300w, https:\/\/samuelpajot.fr\/wp-content\/uploads\/2026\/01\/Couleurs-2026-1024x576.png 1024w, https:\/\/samuelpajot.fr\/wp-content\/uploads\/2026\/01\/Couleurs-2026-768x432.png 768w, https:\/\/samuelpajot.fr\/wp-content\/uploads\/2026\/01\/Couleurs-2026-1536x864.png 1536w\" sizes=\"(max-width: 1920px) 100vw, 1920px\" \/>\t\t\t\t\t\t\t\t\t\t\t\t\t\t\t<\/div>\n\t\t\t\t<\/div>\n\t\t<div class=\"elementor-element elementor-element-af29db6 e-con-full e-grid e-con e-child\" data-id=\"af29db6\" data-element_type=\"container\" data-e-type=\"container\">\n\t\t\t\t<div class=\"elementor-element elementor-element-afcc361 elementor-widget elementor-widget-image\" data-id=\"afcc361\" data-element_type=\"widget\" data-e-type=\"widget\" data-widget_type=\"image.default\">\n\t\t\t\t\t\t\t\t\t\t\t\t\t\t\t<img decoding=\"async\" width=\"1920\" height=\"1080\" src=\"https:\/\/samuelpajot.fr\/wp-content\/uploads\/2026\/01\/Mate\u0301riaux-2026.png\" class=\"attachment-full size-full wp-image-1601\" alt=\"\" srcset=\"https:\/\/samuelpajot.fr\/wp-content\/uploads\/2026\/01\/Mate\u0301riaux-2026.png 1920w, https:\/\/samuelpajot.fr\/wp-content\/uploads\/2026\/01\/Mate\u0301riaux-2026-300x169.png 300w, https:\/\/samuelpajot.fr\/wp-content\/uploads\/2026\/01\/Mate\u0301riaux-2026-1024x576.png 1024w, https:\/\/samuelpajot.fr\/wp-content\/uploads\/2026\/01\/Mate\u0301riaux-2026-768x432.png 768w, https:\/\/samuelpajot.fr\/wp-content\/uploads\/2026\/01\/Mate\u0301riaux-2026-1536x864.png 1536w\" sizes=\"(max-width: 1920px) 100vw, 1920px\" \/>\t\t\t\t\t\t\t\t\t\t\t\t\t\t\t<\/div>\n\t\t<div class=\"elementor-element elementor-element-80e3dd7 e-con-full e-flex e-con e-child\" data-id=\"80e3dd7\" data-element_type=\"container\" data-e-type=\"container\">\n\t\t\t\t<div class=\"elementor-element elementor-element-3865262 elementor-widget elementor-widget-heading\" data-id=\"3865262\" data-element_type=\"widget\" data-e-type=\"widget\" data-widget_type=\"heading.default\">\n\t\t\t\t\t<h3 class=\"elementor-heading-title elementor-size-default\">Les mat\u00e9riaux :<br>authenticit\u00e9 et durabilit\u00e9<\/h3>\t\t\t\t<\/div>\n\t\t\t\t<div class=\"elementor-element elementor-element-9d37464 elementor-widget elementor-widget-text-editor\" data-id=\"9d37464\" data-element_type=\"widget\" data-e-type=\"widget\" data-widget_type=\"text-editor.default\">\n\t\t\t\t\t\t\t\t\t<p>La d\u00e9coration 2026 privil\u00e9gie les mat\u00e9riaux naturels et textur\u00e9s. Le bois chaleureux, le travertin, la pierre vein\u00e9e ou encore la c\u00e9ramique artisanale occupent une place centrale. Le fait main et l\u2019imperfection deviennent des atouts esth\u00e9tiques. Les finitions m\u00e9talliques se font plus discr\u00e8tes, avec des tons patin\u00e9s comme le laiton ou le bronze, apportant une touche de sophistication.<\/p>\t\t\t\t\t\t\t\t<\/div>\n\t\t\t\t<\/div>\n\t\t\t\t<\/div>\n\t\t<div class=\"elementor-element elementor-element-fc69c39 e-con-full e-grid e-con e-child\" data-id=\"fc69c39\" data-element_type=\"container\" data-e-type=\"container\">\n\t\t<div class=\"elementor-element elementor-element-29c88c3 e-con-full e-flex e-con e-child\" data-id=\"29c88c3\" data-element_type=\"container\" data-e-type=\"container\">\n\t\t\t\t<div class=\"elementor-element elementor-element-a9efa0f elementor-widget elementor-widget-heading\" data-id=\"a9efa0f\" data-element_type=\"widget\" data-e-type=\"widget\" data-widget_type=\"heading.default\">\n\t\t\t\t\t<h3 class=\"elementor-heading-title elementor-size-default\">Organisation des espaces : douceur et bien-\u00eatre<\/h3>\t\t\t\t<\/div>\n\t\t\t\t<div class=\"elementor-element elementor-element-1be0b73 elementor-widget elementor-widget-text-editor\" data-id=\"1be0b73\" data-element_type=\"widget\" data-e-type=\"widget\" data-widget_type=\"text-editor.default\">\n\t\t\t\t\t\t\t\t\t<p>Les lignes strictes laissent place \u00e0 des formes organiques et arrondies, favorisant une atmosph\u00e8re plus fluide et accueillante. Les espaces sont pens\u00e9s pour le confort et l\u2019adaptabilit\u00e9 : coins d\u00e9tente, \u00e9clairage modulable, mobilier polyvalent. La nature s\u2019invite \u00e0 l\u2019int\u00e9rieur \u00e0 travers les plantes, la lumi\u00e8re naturelle et les mat\u00e9riaux bruts, renfor\u00e7ant une d\u00e9coration tourn\u00e9e vers le bien-\u00eatre et l\u2019\u00e9quilibre.<\/p>\t\t\t\t\t\t\t\t<\/div>\n\t\t\t\t<\/div>\n\t\t\t\t<div class=\"elementor-element elementor-element-497475f elementor-widget elementor-widget-image\" data-id=\"497475f\" data-element_type=\"widget\" data-e-type=\"widget\" data-widget_type=\"image.default\">\n\t\t\t\t\t\t\t\t\t\t\t\t\t\t\t<img loading=\"lazy\" decoding=\"async\" width=\"1920\" height=\"1080\" src=\"https:\/\/samuelpajot.fr\/wp-content\/uploads\/2026\/01\/Espaces-2026.png\" class=\"attachment-full size-full wp-image-1600\" alt=\"\" srcset=\"https:\/\/samuelpajot.fr\/wp-content\/uploads\/2026\/01\/Espaces-2026.png 1920w, https:\/\/samuelpajot.fr\/wp-content\/uploads\/2026\/01\/Espaces-2026-300x169.png 300w, https:\/\/samuelpajot.fr\/wp-content\/uploads\/2026\/01\/Espaces-2026-1024x576.png 1024w, https:\/\/samuelpajot.fr\/wp-content\/uploads\/2026\/01\/Espaces-2026-768x432.png 768w, https:\/\/samuelpajot.fr\/wp-content\/uploads\/2026\/01\/Espaces-2026-1536x864.png 1536w\" sizes=\"(max-width: 1920px) 100vw, 1920px\" \/>\t\t\t\t\t\t\t\t\t\t\t\t\t\t\t<\/div>\n\t\t\t\t<\/div>\n\t\t<div class=\"elementor-element elementor-element-67c4ff9 e-con-full e-flex e-con e-child\" data-id=\"67c4ff9\" data-element_type=\"container\" data-e-type=\"container\">\n\t\t\t\t<div class=\"elementor-element elementor-element-1ee413f elementor-widget elementor-widget-heading\" data-id=\"1ee413f\" data-element_type=\"widget\" data-e-type=\"widget\" data-widget_type=\"heading.default\">\n\t\t\t\t\t<h3 class=\"elementor-heading-title elementor-size-default\">Conclusion<\/h3>\t\t\t\t<\/div>\n\t\t\t\t<div class=\"elementor-element elementor-element-5c6bb04 elementor-widget elementor-widget-text-editor\" data-id=\"5c6bb04\" data-element_type=\"widget\" data-e-type=\"widget\" data-widget_type=\"text-editor.default\">\n\t\t\t\t\t\t\t\t\t<p>La d\u00e9coration en 2026 est avant tout une qu\u00eate de sens et de confort. Elle c\u00e9l\u00e8bre des int\u00e9rieurs chaleureux, durables et personnalis\u00e9s, o\u00f9 chaque \u00e9l\u00e9ment contribue \u00e0 cr\u00e9er une ambiance apaisante et authentique. Plus qu\u2019une tendance, c\u2019est une invitation \u00e0 concevoir des espaces qui nous ressemblent et dans lesquels on se sent v\u00e9ritablement bien.<span style=\"font-style: inherit; font-weight: inherit; text-decoration-line: initial;\">\u00a0<\/span><\/p>\t\t\t\t\t\t\t\t<\/div>\n\t\t\t\t<\/div>\n\t\t<div class=\"elementor-element elementor-element-69b1385 e-con-full e-flex e-con e-child\" data-id=\"69b1385\" data-element_type=\"container\" data-e-type=\"container\">\n\t\t<div class=\"elementor-element elementor-element-e2605e4 e-con-full e-grid e-con e-child\" data-id=\"e2605e4\" data-element_type=\"container\" data-e-type=\"container\">\n\t\t\t\t<div class=\"elementor-element elementor-element-8714552 elementor-widget elementor-widget-image\" data-id=\"8714552\" data-element_type=\"widget\" data-e-type=\"widget\" data-widget_type=\"image.default\">\n\t\t\t\t\t\t\t\t\t\t\t\t\t\t\t<img loading=\"lazy\" decoding=\"async\" width=\"226\" height=\"300\" src=\"https:\/\/samuelpajot.fr\/wp-content\/uploads\/2025\/11\/samuel-pajot-profil-photo-226x300.png\" class=\"attachment-medium size-medium wp-image-1361\" alt=\"\" srcset=\"https:\/\/samuelpajot.fr\/wp-content\/uploads\/2025\/11\/samuel-pajot-profil-photo-226x300.png 226w, https:\/\/samuelpajot.fr\/wp-content\/uploads\/2025\/11\/samuel-pajot-profil-photo.png 697w\" sizes=\"(max-width: 226px) 100vw, 226px\" \/>\t\t\t\t\t\t\t\t\t\t\t\t\t\t\t<\/div>\n\t\t<div class=\"elementor-element elementor-element-7b2f7c3 e-con-full e-flex e-con e-child\" data-id=\"7b2f7c3\" data-element_type=\"container\" data-e-type=\"container\">\n\t\t\t\t<div class=\"elementor-element elementor-element-35c0359 elementor-widget elementor-widget-heading\" data-id=\"35c0359\" data-element_type=\"widget\" data-e-type=\"widget\" data-widget_type=\"heading.default\">\n\t\t\t\t\t<h2 class=\"elementor-heading-title elementor-size-default\">\u00c0 propos de l'auteur<\/h2>\t\t\t\t<\/div>\n\t\t\t\t<div class=\"elementor-element elementor-element-817cadb elementor-widget elementor-widget-text-editor\" data-id=\"817cadb\" data-element_type=\"widget\" data-e-type=\"widget\" data-widget_type=\"text-editor.default\">\n\t\t\t\t\t\t\t\t\t<p>Apr\u00e8s une formation en <strong data-start=\"185\" data-end=\"225\">agencement et d\u00e9coration d\u2019int\u00e9rieur<\/strong>, et avec plus de <strong data-start=\"240\" data-end=\"307\">10 ans d\u2019exp\u00e9rience dans la conception de maisons individuelles<\/strong>, j\u2019accompagne aujourd\u2019hui mes clients dans la <strong data-start=\"354\" data-end=\"437\">r\u00e9novation ou l\u2019am\u00e9nagement de leur r\u00e9sidence principale ou secondaire<\/strong>. Install\u00e9 \u00e0 <strong data-start=\"450\" data-end=\"473\">Saint-Jean-de-Monts<\/strong>, j\u2019interviens sur l\u2019ensemble du <strong data-start=\"506\" data-end=\"526\">littoral vend\u00e9en<\/strong> et dans un rayon de <strong data-start=\"547\" data-end=\"556\">50 km<\/strong>, notamment \u00e0 <strong data-start=\"570\" data-end=\"661\">Challans, Notre-Dame-de-Monts, Saint-Gilles-Croix-de-Vie, Noirmoutier, La Roche-sur-Yon <\/strong>et jusqu&rsquo;au<strong data-start=\"665\" data-end=\"688\">\u00a0Sables-d\u2019Olonne<\/strong>. J\u2019imagine des int\u00e9rieurs lumineux, fonctionnels et durables, pens\u00e9s pour valoriser les espaces, la lumi\u00e8re naturelle et l\u2019art de vivre en <b>Vend\u00e9e<\/b>.<\/p>\t\t\t\t\t\t\t\t<\/div>\n\t\t\t\t<div class=\"elementor-element elementor-element-dab14f4 elementor-widget elementor-widget-button\" data-id=\"dab14f4\" data-element_type=\"widget\" data-e-type=\"widget\" data-widget_type=\"button.default\">\n\t\t\t\t\t\t\t\t\t\t<a class=\"elementor-button elementor-button-link elementor-size-sm\" href=\"https:\/\/samuelpajot.fr\/?page_id=771\">\n\t\t\t\t\t\t<span class=\"elementor-button-content-wrapper\">\n\t\t\t\t\t\t<span class=\"elementor-button-icon\">\n\t\t\t\t<svg aria-hidden=\"true\" class=\"e-font-icon-svg e-fas-arrow-right\" viewBox=\"0 0 448 512\" xmlns=\"http:\/\/www.w3.org\/2000\/svg\"><path d=\"M190.5 66.9l22.2-22.2c9.4-9.4 24.6-9.4 33.9 0L441 239c9.4 9.4 9.4 24.6 0 33.9L246.6 467.3c-9.4 9.4-24.6 9.4-33.9 0l-22.2-22.2c-9.5-9.5-9.3-25 .4-34.3L311.4 296H24c-13.3 0-24-10.7-24-24v-32c0-13.3 10.7-24 24-24h287.4L190.9 101.2c-9.8-9.3-10-24.8-.4-34.3z\"><\/path><\/svg>\t\t\t<\/span>\n\t\t\t\t\t\t\t\t\t<span class=\"elementor-button-text\">En savoir plus<\/span>\n\t\t\t\t\t<\/span>\n\t\t\t\t\t<\/a>\n\t\t\t\t\t\t\t\t<\/div>\n\t\t\t\t<\/div>\n\t\t\t\t<\/div>\n\t\t\t\t<\/div>\n\t\t\t\t\t<\/div>\n\t\t\t\t<\/div>\n\t\t\t\t<\/div>\n\t\t","protected":false},"excerpt":{"rendered":"<p>Les tendancesde l&rsquo;ann\u00e9e 2026 Tendances, Styles et Inspirations Auteur: Samuel Pajot Date: 02\/01\/2026 Temps de lecture: 2 min En 2026, la d\u00e9coration int\u00e9rieure \u00e9volue vers des espaces plus chaleureux et naturels. Loin des int\u00e9rieurs froids et standardis\u00e9s, les tendances mettent en avant la connexion \u00e0 la nature et le bien-\u00eatre. Couleurs enveloppantes, mat\u00e9riaux authentiques et [&hellip;]<\/p>\n","protected":false},"author":1,"featured_media":0,"parent":0,"menu_order":0,"comment_status":"closed","ping_status":"closed","template":"","meta":{"site-sidebar-layout":"no-sidebar","site-content-layout":"page-builder","ast-site-content-layout":"full-width-container","site-content-style":"default","site-sidebar-style":"default","ast-global-header-display":"","ast-banner-title-visibility":"","ast-main-header-display":"","ast-hfb-above-header-display":"","ast-hfb-below-header-display":"","ast-hfb-mobile-header-display":"","site-post-title":"disabled","ast-breadcrumbs-content":"","ast-featured-img":"disabled","footer-sml-layout":"","ast-disable-related-posts":"","theme-transparent-header-meta":"","adv-header-id-meta":"","stick-header-meta":"","header-above-stick-meta":"","header-main-stick-meta":"","header-below-stick-meta":"","astra-migrate-meta-layouts":"set","ast-page-background-enabled":"default","ast-page-background-meta":{"desktop":{"background-color":"","background-image":"","background-repeat":"repeat","background-position":"center center","background-size":"auto","background-attachment":"scroll","background-type":"","background-media":"","overlay-type":"","overlay-color":"","overlay-opacity":"","overlay-gradient":""},"tablet":{"background-color":"","background-image":"","background-repeat":"repeat","background-position":"center center","background-size":"auto","background-attachment":"scroll","background-type":"","background-media":"","overlay-type":"","overlay-color":"","overlay-opacity":"","overlay-gradient":""},"mobile":{"background-color":"","background-image":"","background-repeat":"repeat","background-position":"center center","background-size":"auto","background-attachment":"scroll","background-type":"","background-media":"","overlay-type":"","overlay-color":"","overlay-opacity":"","overlay-gradient":""}},"ast-content-background-meta":{"desktop":{"background-color":"var(--ast-global-color-5)","background-image":"","background-repeat":"repeat","background-position":"center center","background-size":"auto","background-attachment":"scroll","background-type":"","background-media":"","overlay-type":"","overlay-color":"","overlay-opacity":"","overlay-gradient":""},"tablet":{"background-color":"var(--ast-global-color-5)","background-image":"","background-repeat":"repeat","background-position":"center center","background-size":"auto","background-attachment":"scroll","background-type":"","background-media":"","overlay-type":"","overlay-color":"","overlay-opacity":"","overlay-gradient":""},"mobile":{"background-color":"var(--ast-global-color-5)","background-image":"","background-repeat":"repeat","background-position":"center center","background-size":"auto","background-attachment":"scroll","background-type":"","background-media":"","overlay-type":"","overlay-color":"","overlay-opacity":"","overlay-gradient":""}},"footnotes":""},"class_list":["post-1583","page","type-page","status-publish","hentry"],"_links":{"self":[{"href":"https:\/\/samuelpajot.fr\/index.php?rest_route=\/wp\/v2\/pages\/1583","targetHints":{"allow":["GET"]}}],"collection":[{"href":"https:\/\/samuelpajot.fr\/index.php?rest_route=\/wp\/v2\/pages"}],"about":[{"href":"https:\/\/samuelpajot.fr\/index.php?rest_route=\/wp\/v2\/types\/page"}],"author":[{"embeddable":true,"href":"https:\/\/samuelpajot.fr\/index.php?rest_route=\/wp\/v2\/users\/1"}],"replies":[{"embeddable":true,"href":"https:\/\/samuelpajot.fr\/index.php?rest_route=%2Fwp%2Fv2%2Fcomments&post=1583"}],"version-history":[{"count":36,"href":"https:\/\/samuelpajot.fr\/index.php?rest_route=\/wp\/v2\/pages\/1583\/revisions"}],"predecessor-version":[{"id":1724,"href":"https:\/\/samuelpajot.fr\/index.php?rest_route=\/wp\/v2\/pages\/1583\/revisions\/1724"}],"wp:attachment":[{"href":"https:\/\/samuelpajot.fr\/index.php?rest_route=%2Fwp%2Fv2%2Fmedia&parent=1583"}],"curies":[{"name":"wp","href":"https:\/\/api.w.org\/{rel}","templated":true}]}}